{"id":71,"date":"2018-07-02T13:24:37","date_gmt":"2018-07-02T13:24:37","guid":{"rendered":"http:\/\/julioprudencio.com\/?page_id=71"},"modified":"2025-04-14T21:57:39","modified_gmt":"2025-04-14T21:57:39","slug":"contacto","status":"publish","type":"page","link":"https:\/\/blog.jprudencio.com\/index.php\/contacto\/","title":{"rendered":"Contacto"},"content":{"rendered":"<body><p><\/p>\n<table style=\"height: 800px;\" border=\"\" width=\"100%\">\n<tbody style=\"text-align: center;\">\n<tr>\n<td style=\"text-align: center; padding: 20px;\">\n<h2><strong><span style=\"color: #333333;\">JULIO PRUDENCIO B\u00d6HRT<\/span><\/strong><b><\/b><\/h2>\n<hr>\n<h3 style=\"text-align: left;\"><strong>Mail:<\/strong><\/h3>\n<p style=\"text-align: left;\"><b><a href=\"mailto:Jprudencio@megalink.com\">Jprudencio@megalink.com<\/a><\/b><b><\/b><\/p>\n<p style=\"text-align: left;\"><b><a href=\"mailto:Julioprudenciobohrt@gmail.com\">Julioprudenciobohrt@gmail.com<\/a><\/b><\/p>\n<p>\u00a0<\/p>\n<h3 style=\"text-align: left;\"><strong>Tel\u00e9fono:<\/strong><\/h3>\n<p style=\"text-align: left;\">\n<\/p><p>\u00a0<\/p>\n<h3 style=\"text-align: left;\"><strong>Direcci\u00f3n:<\/strong><\/h3>\n<p style=\"text-align: left;\">La Paz \u2013 Bolivia<\/p>\n<\/td>\n<td style=\"text-align: center;\">\u00a0\n<h2><span style=\"color: #ff0000;\"><img decoding=\"async\" width=\"521\" height=\"577\" class=\"alignnone wp-image-505 \" src=\"https:\/\/blog.jprudencio.com\/wp-content\/uploads\/2018\/07\/fotoportada2b.jpg\" alt=\"\" loading=\"lazy\" srcset=\"https:\/\/blog.jprudencio.com\/wp-content\/uploads\/2018\/07\/fotoportada2b.jpg 521w, https:\/\/blog.jprudencio.com\/wp-content\/uploads\/2018\/07\/fotoportada2b-271x300.jpg 271w\" sizes=\"(max-width: 521px) 100vw, 521px\" \/><\/span><\/h2>\n<\/td>\n<\/tr>\n<tr>\n<td style=\"text-align: center;\" colspan=\"2\">\n<h3><em>Experiencia de trabajo de muchos a\u00f1os y en varios pa\u00edses, con las siguientes actividades<\/em><\/h3>\n<\/td>\n<\/tr>\n<tr>\n<td width=\"300\"><span style=\"color: #000080;\"><strong>INVESTIGACION SOCIOECON\u00d3MICA<\/strong><\/span>\n<ul>\n<li style=\"text-align: left;\">Dise\u00f1o de proyectos de investigaci\u00f3n<\/li>\n<li style=\"text-align: left;\">Elaboraci\u00f3n de hip\u00f3tesis<\/li>\n<li style=\"text-align: left;\">Planteamientos metodol\u00f3gicos<\/li>\n<li style=\"text-align: left;\">Elaboraci\u00f3n plan de trabajo y de investigaci\u00f3n (muestreo del estudio, definici\u00f3n de variables de investigaci\u00f3n, elaboraci\u00f3n indicadores y metas cuantificables, etc)<\/li>\n<li style=\"text-align: left;\">Dise\u00f1o instrumentos recopilaci\u00f3n informaci\u00f3n<\/li>\n<li style=\"text-align: left;\">Conformaci\u00f3n equipo investigadores capacitaci\u00f3n encuestadores, supervisi\u00f3n trabajo de campo<\/li>\n<\/ul>\n<\/td>\n<td width=\"316\"><span style=\"color: #000080;\"><strong>CONSULTORIAS<\/strong><\/span>\n<ul>\n<li style=\"text-align: left;\">Evaluaciones (de medio t\u00e9rmino, de impacto, finales)<\/li>\n<li style=\"text-align: left;\">Aplicaci\u00f3n diversas metodolog\u00edas de trabajo<\/li>\n<li style=\"text-align: left;\">Monitoreo de actividades<\/li>\n<li style=\"text-align: left;\">Acompa\u00f1amiento rutas de aprendizaje<\/li>\n<li style=\"text-align: left;\">Verificaci\u00f3n cumplimiento indicadores<\/li>\n<li style=\"text-align: left;\">Trabajo de campo (entrevistas, encuestas, estudios de caso, grupos focales, capacitaci\u00f3n encuestadores)<\/li>\n<li style=\"text-align: left;\">Sistematizaci\u00f3n de informaci\u00f3n recopilada<\/li>\n<li style=\"text-align: left;\">Configuraci\u00f3n de base de datos<\/li>\n<li style=\"text-align: left;\">Elaboraci\u00f3n de Estrategias de Desarrollo Nacional y Regional<\/li>\n<li style=\"text-align: left;\">Planteamientos de Pol\u00edticas P\u00fablicas<\/li>\n<\/ul>\n<\/td>\n<\/tr>\n<\/tbody>\n<\/table>\n<p>\u00a0<\/p>\n<\/body>","protected":false},"excerpt":{"rendered":"<p>JULIO PRUDENCIO B\u00d6HRT Mail: Jprudencio@megalink.com Julioprudenciobohrt@gmail.com \u00a0 Tel\u00e9fono: \u00a0 Direcci\u00f3n: La Paz \u2013 Bolivia \u00a0 Experiencia de trabajo ...<\/p>","protected":false},"author":2,"featured_media":0,"parent":0,"menu_order":0,"comment_status":"closed","ping_status":"closed","template":"","meta":{"footnotes":""},"class_list":["post-71","page","type-page","status-publish","hentry"],"yoast_head":"<!-- This site is optimized with the Yoast SEO plugin v25.0 - https:\/\/yoast.com\/wordpress\/plugins\/seo\/ -->\n<title>Contacto - Julio Prudencio B\u00f6hrt<\/title>\n<meta name=\"robots\" content=\"index, follow, max-snippet:-1, max-image-preview:large, max-video-preview:-1\" \/>\n<link rel=\"canonical\" href=\"https:\/\/blog.jprudencio.com\/index.php\/contacto\/\" \/>\n<meta property=\"og:locale\" content=\"es_ES\" \/>\n<meta property=\"og:type\" content=\"article\" \/>\n<meta property=\"og:title\" content=\"Contacto - Julio Prudencio B\u00f6hrt\" \/>\n<meta property=\"og:description\" content=\"JULIO PRUDENCIO B\u00d6HRT Mail: Jprudencio@megalink.com Julioprudenciobohrt@gmail.com \u00a0 Tel\u00e9fono: \u00a0 Direcci\u00f3n: La Paz \u2013 Bolivia \u00a0 Experiencia de trabajo de muchos a\u00f1os y en varios pa\u00edses, con las siguientes actividades INVESTIGACION SOCIOECON\u00d3MICA Dise\u00f1o de proyectos de investigaci\u00f3n Elaboraci\u00f3n de hip\u00f3tesis Planteamientos metodol\u00f3gicos Elaboraci\u00f3n plan de trabajo y de investigaci\u00f3n (muestreo del estudio, definici\u00f3n de variables de [&hellip;]\" \/>\n<meta property=\"og:url\" content=\"https:\/\/blog.jprudencio.com\/index.php\/contacto\/\" \/>\n<meta property=\"og:site_name\" content=\"Julio Prudencio B\u00f6hrt\" \/>\n<meta property=\"article:modified_time\" content=\"2025-04-14T21:57:39+00:00\" \/>\n<meta property=\"og:image\" content=\"https:\/\/blog.jprudencio.com\/wp-content\/uploads\/2018\/07\/fotoportada2b.jpg\" \/>\n\t<meta property=\"og:image:width\" content=\"521\" \/>\n\t<meta property=\"og:image:height\" content=\"577\" \/>\n\t<meta property=\"og:image:type\" content=\"image\/jpeg\" \/>\n<meta name=\"twitter:card\" content=\"summary_large_image\" \/>\n<meta name=\"twitter:label1\" content=\"Tiempo de lectura\" \/>\n\t<meta name=\"twitter:data1\" content=\"1 minuto\" \/>\n<script type=\"application\/ld+json\" class=\"yoast-schema-graph\">{\"@context\":\"https:\/\/schema.org\",\"@graph\":[{\"@type\":\"WebPage\",\"@id\":\"https:\/\/blog.jprudencio.com\/index.php\/contacto\/\",\"url\":\"https:\/\/blog.jprudencio.com\/index.php\/contacto\/\",\"name\":\"Contacto - Julio Prudencio B\u00f6hrt\",\"isPartOf\":{\"@id\":\"https:\/\/blog.jprudencio.com\/#website\"},\"primaryImageOfPage\":{\"@id\":\"https:\/\/blog.jprudencio.com\/index.php\/contacto\/#primaryimage\"},\"image\":{\"@id\":\"https:\/\/blog.jprudencio.com\/index.php\/contacto\/#primaryimage\"},\"thumbnailUrl\":\"https:\/\/blog.jprudencio.com\/wp-content\/uploads\/2018\/07\/fotoportada2b.jpg\",\"datePublished\":\"2018-07-02T13:24:37+00:00\",\"dateModified\":\"2025-04-14T21:57:39+00:00\",\"breadcrumb\":{\"@id\":\"https:\/\/blog.jprudencio.com\/index.php\/contacto\/#breadcrumb\"},\"inLanguage\":\"es-AR\",\"potentialAction\":[{\"@type\":\"ReadAction\",\"target\":[\"https:\/\/blog.jprudencio.com\/index.php\/contacto\/\"]}]},{\"@type\":\"ImageObject\",\"inLanguage\":\"es-AR\",\"@id\":\"https:\/\/blog.jprudencio.com\/index.php\/contacto\/#primaryimage\",\"url\":\"https:\/\/blog.jprudencio.com\/wp-content\/uploads\/2018\/07\/fotoportada2b.jpg\",\"contentUrl\":\"https:\/\/blog.jprudencio.com\/wp-content\/uploads\/2018\/07\/fotoportada2b.jpg\",\"width\":521,\"height\":577},{\"@type\":\"BreadcrumbList\",\"@id\":\"https:\/\/blog.jprudencio.com\/index.php\/contacto\/#breadcrumb\",\"itemListElement\":[{\"@type\":\"ListItem\",\"position\":1,\"name\":\"Inicio\",\"item\":\"https:\/\/blog.jprudencio.com\/\"},{\"@type\":\"ListItem\",\"position\":2,\"name\":\"Contacto\"}]},{\"@type\":\"WebSite\",\"@id\":\"https:\/\/blog.jprudencio.com\/#website\",\"url\":\"https:\/\/blog.jprudencio.com\/\",\"name\":\"Julio Prudencio B\u00f6hrt\",\"description\":\"Economista\",\"potentialAction\":[{\"@type\":\"SearchAction\",\"target\":{\"@type\":\"EntryPoint\",\"urlTemplate\":\"https:\/\/blog.jprudencio.com\/?s={search_term_string}\"},\"query-input\":{\"@type\":\"PropertyValueSpecification\",\"valueRequired\":true,\"valueName\":\"search_term_string\"}}],\"inLanguage\":\"es-AR\"}]}<\/script>\n<!-- \/ Yoast SEO plugin. -->","yoast_head_json":{"title":"Contacto - Julio Prudencio B\u00f6hrt","robots":{"index":"index","follow":"follow","max-snippet":"max-snippet:-1","max-image-preview":"max-image-preview:large","max-video-preview":"max-video-preview:-1"},"canonical":"https:\/\/blog.jprudencio.com\/index.php\/contacto\/","og_locale":"es_ES","og_type":"article","og_title":"Contacto - Julio Prudencio B\u00f6hrt","og_description":"JULIO PRUDENCIO B\u00d6HRT Mail: Jprudencio@megalink.com Julioprudenciobohrt@gmail.com \u00a0 Tel\u00e9fono: \u00a0 Direcci\u00f3n: La Paz \u2013 Bolivia \u00a0 Experiencia de trabajo de muchos a\u00f1os y en varios pa\u00edses, con las siguientes actividades INVESTIGACION SOCIOECON\u00d3MICA Dise\u00f1o de proyectos de investigaci\u00f3n Elaboraci\u00f3n de hip\u00f3tesis Planteamientos metodol\u00f3gicos Elaboraci\u00f3n plan de trabajo y de investigaci\u00f3n (muestreo del estudio, definici\u00f3n de variables de [&hellip;]","og_url":"https:\/\/blog.jprudencio.com\/index.php\/contacto\/","og_site_name":"Julio Prudencio B\u00f6hrt","article_modified_time":"2025-04-14T21:57:39+00:00","og_image":[{"width":521,"height":577,"url":"https:\/\/blog.jprudencio.com\/wp-content\/uploads\/2018\/07\/fotoportada2b.jpg","type":"image\/jpeg"}],"twitter_card":"summary_large_image","twitter_misc":{"Tiempo de lectura":"1 minuto"},"schema":{"@context":"https:\/\/schema.org","@graph":[{"@type":"WebPage","@id":"https:\/\/blog.jprudencio.com\/index.php\/contacto\/","url":"https:\/\/blog.jprudencio.com\/index.php\/contacto\/","name":"Contacto - Julio Prudencio B\u00f6hrt","isPartOf":{"@id":"https:\/\/blog.jprudencio.com\/#website"},"primaryImageOfPage":{"@id":"https:\/\/blog.jprudencio.com\/index.php\/contacto\/#primaryimage"},"image":{"@id":"https:\/\/blog.jprudencio.com\/index.php\/contacto\/#primaryimage"},"thumbnailUrl":"https:\/\/blog.jprudencio.com\/wp-content\/uploads\/2018\/07\/fotoportada2b.jpg","datePublished":"2018-07-02T13:24:37+00:00","dateModified":"2025-04-14T21:57:39+00:00","breadcrumb":{"@id":"https:\/\/blog.jprudencio.com\/index.php\/contacto\/#breadcrumb"},"inLanguage":"es-AR","potentialAction":[{"@type":"ReadAction","target":["https:\/\/blog.jprudencio.com\/index.php\/contacto\/"]}]},{"@type":"ImageObject","inLanguage":"es-AR","@id":"https:\/\/blog.jprudencio.com\/index.php\/contacto\/#primaryimage","url":"https:\/\/blog.jprudencio.com\/wp-content\/uploads\/2018\/07\/fotoportada2b.jpg","contentUrl":"https:\/\/blog.jprudencio.com\/wp-content\/uploads\/2018\/07\/fotoportada2b.jpg","width":521,"height":577},{"@type":"BreadcrumbList","@id":"https:\/\/blog.jprudencio.com\/index.php\/contacto\/#breadcrumb","itemListElement":[{"@type":"ListItem","position":1,"name":"Inicio","item":"https:\/\/blog.jprudencio.com\/"},{"@type":"ListItem","position":2,"name":"Contacto"}]},{"@type":"WebSite","@id":"https:\/\/blog.jprudencio.com\/#website","url":"https:\/\/blog.jprudencio.com\/","name":"Julio Prudencio B\u00f6hrt","description":"Economista","potentialAction":[{"@type":"SearchAction","target":{"@type":"EntryPoint","urlTemplate":"https:\/\/blog.jprudencio.com\/?s={search_term_string}"},"query-input":{"@type":"PropertyValueSpecification","valueRequired":true,"valueName":"search_term_string"}}],"inLanguage":"es-AR"}]}},"_links":{"self":[{"href":"https:\/\/blog.jprudencio.com\/index.php\/wp-json\/wp\/v2\/pages\/71"}],"collection":[{"href":"https:\/\/blog.jprudencio.com\/index.php\/wp-json\/wp\/v2\/pages"}],"about":[{"href":"https:\/\/blog.jprudencio.com\/index.php\/wp-json\/wp\/v2\/types\/page"}],"author":[{"embeddable":true,"href":"https:\/\/blog.jprudencio.com\/index.php\/wp-json\/wp\/v2\/users\/2"}],"replies":[{"embeddable":true,"href":"https:\/\/blog.jprudencio.com\/index.php\/wp-json\/wp\/v2\/comments?post=71"}],"version-history":[{"count":5,"href":"https:\/\/blog.jprudencio.com\/index.php\/wp-json\/wp\/v2\/pages\/71\/revisions"}],"predecessor-version":[{"id":3295,"href":"https:\/\/blog.jprudencio.com\/index.php\/wp-json\/wp\/v2\/pages\/71\/revisions\/3295"}],"wp:attachment":[{"href":"https:\/\/blog.jprudencio.com\/index.php\/wp-json\/wp\/v2\/media?parent=71"}],"curies":[{"name":"wp","href":"https:\/\/api.w.org\/{rel}","templated":true}]}}