{"id":1781,"date":"2019-02-20T01:22:10","date_gmt":"2019-02-20T01:22:10","guid":{"rendered":"http:\/\/julioprudencio.com\/?page_id=1781"},"modified":"2020-10-01T22:19:37","modified_gmt":"2020-10-01T22:19:37","slug":"videos","status":"publish","type":"page","link":"https:\/\/blog.jprudencio.com\/index.php\/videos\/","title":{"rendered":"Videos"},"content":{"rendered":"<body><p><strong>Estos videos se reproducen porque brindan informaci\u00f3n sobre las adecuadas pr\u00e1cticas agroambientales y la sostenibilidad.<\/strong><\/p><p><\/p><p class=\"has-text-align-center\"> <strong>Agente Naranja <\/strong><\/p><figure class=\"wp-block-video aligncenter\"><video controls src=\"https:\/\/blog.jprudencio.com\/wp-content\/uploads\/2019\/02\/Video1.mp4\"><\/video><\/figure><p><\/p><p class=\"has-text-align-center\"><strong>Bolivia Indaga<\/strong><\/p><figure class=\"wp-block-video aligncenter\"><video controls src=\"https:\/\/blog.jprudencio.com\/wp-content\/uploads\/2019\/09\/VID-20190927-WA0012.mp4\"><\/video><\/figure><p><\/p><p class=\"has-text-align-center\"><strong>Visite de la ferme du Bec-Hellouin en Normandie <\/strong><\/p><figure class=\"wp-block-video aligncenter\"><video controls src=\"https:\/\/blog.jprudencio.com\/wp-content\/uploads\/2019\/09\/Visite-de-la-ferme-du-Bec-Hellouin-en-Normandie_SD.mp4\"><\/video><\/figure><p><\/p><p class=\"has-text-align-center\"><strong>How Did The Coronavirus Start and How Can We Stop It From Happening Again?<\/strong><\/p><figure class=\"wp-block-video aligncenter\"><video controls src=\"https:\/\/blog.jprudencio.com\/wp-content\/uploads\/2020\/04\/Video005.mp4\"><\/video><\/figure><p><\/p><p class=\"has-text-align-center\"><strong>Entrevista Julio Prudencio B\u00f6hrt en Cat\u00f3lica TV \u2013 Oct 2006<\/strong><\/p><div class=\"wp-block-group\"><div class=\"wp-block-group__inner-container is-layout-flow wp-block-group-is-layout-flow\"><center><iframe loading=\"lazy\" title=\"\u00bfSoberan\u00eda o Inseguridad? El problema alimentario en Bolivia - Julio Prudencio B\u00f6hrt\" width=\"600\" height=\"456\" style=\"width:600px;height:456px;\" src=\"https:\/\/www.youtube.com\/embed\/DcWx8DiARm4?feature=oembed\" frameborder=\"0\" allow=\"accelerometer; autoplay; clipboard-write; encrypted-media; gyroscope; picture-in-picture\" allowfullscreen><\/iframe><\/center><\/div><\/div><p><\/p><\/body>","protected":false},"excerpt":{"rendered":"<p>Estos videos se reproducen porque brindan informaci\u00f3n sobre las adecuadas pr\u00e1cticas agroambientales y la sostenibilidad. Agente Naranja Bolivia ...<\/p>","protected":false},"author":2,"featured_media":0,"parent":0,"menu_order":0,"comment_status":"closed","ping_status":"closed","template":"","meta":{"footnotes":""},"class_list":["post-1781","page","type-page","status-publish","hentry"],"yoast_head":"<!-- This site is optimized with the Yoast SEO plugin v25.0 - https:\/\/yoast.com\/wordpress\/plugins\/seo\/ -->\n<title>Videos - Julio Prudencio B\u00f6hrt<\/title>\n<meta name=\"robots\" content=\"index, follow, max-snippet:-1, max-image-preview:large, max-video-preview:-1\" \/>\n<link rel=\"canonical\" href=\"https:\/\/blog.jprudencio.com\/index.php\/videos\/\" \/>\n<meta property=\"og:locale\" content=\"es_ES\" \/>\n<meta property=\"og:type\" content=\"article\" \/>\n<meta property=\"og:title\" content=\"Videos - Julio Prudencio B\u00f6hrt\" \/>\n<meta property=\"og:description\" content=\"Estos videos se reproducen porque brindan informaci\u00f3n sobre las adecuadas pr\u00e1cticas agroambientales y la sostenibilidad. Agente Naranja Bolivia Indaga Visite de la ferme du Bec-Hellouin en Normandie How Did The Coronavirus Start and How Can We Stop It From Happening Again? Entrevista Julio Prudencio B\u00f6hrt en Cat\u00f3lica TV \u2013 Oct 2006\" \/>\n<meta property=\"og:url\" content=\"https:\/\/blog.jprudencio.com\/index.php\/videos\/\" \/>\n<meta property=\"og:site_name\" content=\"Julio Prudencio B\u00f6hrt\" \/>\n<meta property=\"article:modified_time\" content=\"2020-10-01T22:19:37+00:00\" \/>\n<meta name=\"twitter:card\" content=\"summary_large_image\" \/>\n<script type=\"application\/ld+json\" class=\"yoast-schema-graph\">{\"@context\":\"https:\/\/schema.org\",\"@graph\":[{\"@type\":\"WebPage\",\"@id\":\"https:\/\/blog.jprudencio.com\/index.php\/videos\/\",\"url\":\"https:\/\/blog.jprudencio.com\/index.php\/videos\/\",\"name\":\"Videos - Julio Prudencio B\u00f6hrt\",\"isPartOf\":{\"@id\":\"https:\/\/blog.jprudencio.com\/#website\"},\"datePublished\":\"2019-02-20T01:22:10+00:00\",\"dateModified\":\"2020-10-01T22:19:37+00:00\",\"breadcrumb\":{\"@id\":\"https:\/\/blog.jprudencio.com\/index.php\/videos\/#breadcrumb\"},\"inLanguage\":\"es-AR\",\"potentialAction\":[{\"@type\":\"ReadAction\",\"target\":[\"https:\/\/blog.jprudencio.com\/index.php\/videos\/\"]}]},{\"@type\":\"BreadcrumbList\",\"@id\":\"https:\/\/blog.jprudencio.com\/index.php\/videos\/#breadcrumb\",\"itemListElement\":[{\"@type\":\"ListItem\",\"position\":1,\"name\":\"Inicio\",\"item\":\"https:\/\/blog.jprudencio.com\/\"},{\"@type\":\"ListItem\",\"position\":2,\"name\":\"Videos\"}]},{\"@type\":\"WebSite\",\"@id\":\"https:\/\/blog.jprudencio.com\/#website\",\"url\":\"https:\/\/blog.jprudencio.com\/\",\"name\":\"Julio Prudencio B\u00f6hrt\",\"description\":\"Economista\",\"potentialAction\":[{\"@type\":\"SearchAction\",\"target\":{\"@type\":\"EntryPoint\",\"urlTemplate\":\"https:\/\/blog.jprudencio.com\/?s={search_term_string}\"},\"query-input\":{\"@type\":\"PropertyValueSpecification\",\"valueRequired\":true,\"valueName\":\"search_term_string\"}}],\"inLanguage\":\"es-AR\"}]}<\/script>\n<!-- \/ Yoast SEO plugin. -->","yoast_head_json":{"title":"Videos - Julio Prudencio B\u00f6hrt","robots":{"index":"index","follow":"follow","max-snippet":"max-snippet:-1","max-image-preview":"max-image-preview:large","max-video-preview":"max-video-preview:-1"},"canonical":"https:\/\/blog.jprudencio.com\/index.php\/videos\/","og_locale":"es_ES","og_type":"article","og_title":"Videos - Julio Prudencio B\u00f6hrt","og_description":"Estos videos se reproducen porque brindan informaci\u00f3n sobre las adecuadas pr\u00e1cticas agroambientales y la sostenibilidad. Agente Naranja Bolivia Indaga Visite de la ferme du Bec-Hellouin en Normandie How Did The Coronavirus Start and How Can We Stop It From Happening Again? Entrevista Julio Prudencio B\u00f6hrt en Cat\u00f3lica TV \u2013 Oct 2006","og_url":"https:\/\/blog.jprudencio.com\/index.php\/videos\/","og_site_name":"Julio Prudencio B\u00f6hrt","article_modified_time":"2020-10-01T22:19:37+00:00","twitter_card":"summary_large_image","schema":{"@context":"https:\/\/schema.org","@graph":[{"@type":"WebPage","@id":"https:\/\/blog.jprudencio.com\/index.php\/videos\/","url":"https:\/\/blog.jprudencio.com\/index.php\/videos\/","name":"Videos - Julio Prudencio B\u00f6hrt","isPartOf":{"@id":"https:\/\/blog.jprudencio.com\/#website"},"datePublished":"2019-02-20T01:22:10+00:00","dateModified":"2020-10-01T22:19:37+00:00","breadcrumb":{"@id":"https:\/\/blog.jprudencio.com\/index.php\/videos\/#breadcrumb"},"inLanguage":"es-AR","potentialAction":[{"@type":"ReadAction","target":["https:\/\/blog.jprudencio.com\/index.php\/videos\/"]}]},{"@type":"BreadcrumbList","@id":"https:\/\/blog.jprudencio.com\/index.php\/videos\/#breadcrumb","itemListElement":[{"@type":"ListItem","position":1,"name":"Inicio","item":"https:\/\/blog.jprudencio.com\/"},{"@type":"ListItem","position":2,"name":"Videos"}]},{"@type":"WebSite","@id":"https:\/\/blog.jprudencio.com\/#website","url":"https:\/\/blog.jprudencio.com\/","name":"Julio Prudencio B\u00f6hrt","description":"Economista","potentialAction":[{"@type":"SearchAction","target":{"@type":"EntryPoint","urlTemplate":"https:\/\/blog.jprudencio.com\/?s={search_term_string}"},"query-input":{"@type":"PropertyValueSpecification","valueRequired":true,"valueName":"search_term_string"}}],"inLanguage":"es-AR"}]}},"_links":{"self":[{"href":"https:\/\/blog.jprudencio.com\/index.php\/wp-json\/wp\/v2\/pages\/1781"}],"collection":[{"href":"https:\/\/blog.jprudencio.com\/index.php\/wp-json\/wp\/v2\/pages"}],"about":[{"href":"https:\/\/blog.jprudencio.com\/index.php\/wp-json\/wp\/v2\/types\/page"}],"author":[{"embeddable":true,"href":"https:\/\/blog.jprudencio.com\/index.php\/wp-json\/wp\/v2\/users\/2"}],"replies":[{"embeddable":true,"href":"https:\/\/blog.jprudencio.com\/index.php\/wp-json\/wp\/v2\/comments?post=1781"}],"version-history":[{"count":36,"href":"https:\/\/blog.jprudencio.com\/index.php\/wp-json\/wp\/v2\/pages\/1781\/revisions"}],"predecessor-version":[{"id":2237,"href":"https:\/\/blog.jprudencio.com\/index.php\/wp-json\/wp\/v2\/pages\/1781\/revisions\/2237"}],"wp:attachment":[{"href":"https:\/\/blog.jprudencio.com\/index.php\/wp-json\/wp\/v2\/media?parent=1781"}],"curies":[{"name":"wp","href":"https:\/\/api.w.org\/{rel}","templated":true}]}}