{"id":17,"date":"2018-06-28T18:47:50","date_gmt":"2018-06-28T18:47:50","guid":{"rendered":"http:\/\/julioprudencio.com\/?page_id=17"},"modified":"2025-04-14T21:23:08","modified_gmt":"2025-04-14T21:23:08","slug":"perfil","status":"publish","type":"page","link":"https:\/\/blog.jprudencio.com\/index.php\/perfil\/","title":{"rendered":"Perfil"},"content":{"rendered":"<body><p><\/p>\n<h3><span style=\"color: #993300;\"><b>Julio Prudencio\u00a0<\/b><b>B\u00f6hrt<\/b><\/span><\/h3>\n<h3><span style=\"color: #993300;\"><b>Investigador social\/Consultor internacional<\/b><\/span><\/h3>\n<p style=\"text-align: justify;\">Julio Prudencio tiene 35 a\u00f1os de experiencia como investigador social y consultor en varios pa\u00edses de Am\u00e9rica Latina y del \u00c1frica en tem\u00e1ticas relacionadas a la seguridad alimentaria nutricional, pobreza, desarrollo rural, medio ambiente, cambio clim\u00e1tico entre otros.<\/p>\n<p><b><img decoding=\"async\" class=\"wp-image-202 size-medium alignright\" src=\"https:\/\/julioprudencio.files.wordpress.com\/2018\/05\/puchin.jpg?w=300&amp;h=180\" sizes=\"(max-width: 300px) 100vw, 300px\" srcset=\"https:\/\/julioprudencio.files.wordpress.com\/2018\/05\/puchin.jpg?w=300&amp;h=180 300w, https:\/\/julioprudencio.files.wordpress.com\/2018\/05\/puchin.jpg?w=600&amp;h=360 600w, https:\/\/julioprudencio.files.wordpress.com\/2018\/05\/puchin.jpg?w=150&amp;h=90 150w\" alt=\"\" width=\"300\" height=\"180\" data-attachment-id=\"202\" data-permalink=\"https:\/\/julioprudencio.wordpress.com\/perfil\/puchin\/\" data-orig-file=\"https:\/\/julioprudencio.files.wordpress.com\/2018\/05\/puchin.jpg\" data-orig-size=\"2560,1536\" data-comments-opened=\"0\" data-image-meta='{\"aperture\":\"2.2\",\"credit\":\"\",\"camera\":\"SM-J111M\",\"caption\":\"\",\"created_timestamp\":\"1520708270\",\"copyright\":\"\",\"focal_length\":\"3.3\",\"iso\":\"400\",\"shutter_speed\":\"0.125\",\"title\":\"\",\"orientation\":\"1\"}' data-image-title=\"Puchin\" data-image-description=\"\" data-medium-file=\"https:\/\/julioprudencio.files.wordpress.com\/2018\/05\/puchin.jpg?w=300&amp;h=180\" data-large-file=\"https:\/\/julioprudencio.files.wordpress.com\/2018\/05\/puchin.jpg?w=1024\" loading=\"lazy\"><\/b><\/p>\n<p style=\"text-align: justify;\">Economista, especializado (DEA) en Planificaci\u00f3n del desarrollo en el IREP-Universidad de Grenoble\/Francia, y con dos diplomados en G\u00e9nero y Desarrollo.<\/p>\n<p style=\"text-align: justify;\">Trabaja como investigador y consultor (evaluaci\u00f3n de proyectos) de forma independiente con diversas instituciones de desarrollo, organismos de cooperaci\u00f3n internacional, gobiernos locales y organizaciones sociales. Ha publicado varios libros, informes, art\u00edculos e inclusive cuadernos populares sobre tem\u00e1ticas como alimentaci\u00f3n-nutrici\u00f3n, alimentos donados, compras estatales de alimentos, comercializaci\u00f3n, derecho humano a la alimentaci\u00f3n, precios, comercio exterior, agricultura urbana y otros.<\/p>\n<p>Ha asistido a diversas conferencias y seminarios nacionales e internacionales como expositor y analista<\/p>\n<p>\u00a0<\/p>\n<p><a href=\"https:\/\/blog.jprudencio.com\/index.php\/perfil-completo\/\">VER PERFIL COMPLETO<\/a><\/p>\n<p>\u00a0<\/p>\n<p>Email:\u00a0<a href=\"mailto:Jprudencio@megalink.com\">Jprudencio@megalink.com<\/a>,\u00a0<a href=\"mailto:Julioprudenciobohrt@gmail.com\">Julioprudenciobohrt@gmail.com<\/a><\/p>\n<p>La Paz-Bolivia<\/p>\n<\/body>","protected":false},"excerpt":{"rendered":"<p>Julio Prudencio\u00a0B\u00f6hrt Investigador social\/Consultor internacional Julio Prudencio tiene 35 a\u00f1os de experiencia como investigador social y consultor en ...<\/p>","protected":false},"author":2,"featured_media":0,"parent":0,"menu_order":0,"comment_status":"closed","ping_status":"closed","template":"","meta":{"footnotes":""},"class_list":["post-17","page","type-page","status-publish","hentry"],"yoast_head":"<!-- This site is optimized with the Yoast SEO plugin v25.0 - https:\/\/yoast.com\/wordpress\/plugins\/seo\/ -->\n<title>Perfil - Julio Prudencio B\u00f6hrt<\/title>\n<meta name=\"robots\" content=\"index, follow, max-snippet:-1, max-image-preview:large, max-video-preview:-1\" \/>\n<link rel=\"canonical\" href=\"https:\/\/blog.jprudencio.com\/index.php\/perfil\/\" \/>\n<meta property=\"og:locale\" content=\"es_ES\" \/>\n<meta property=\"og:type\" content=\"article\" \/>\n<meta property=\"og:title\" content=\"Perfil - Julio Prudencio B\u00f6hrt\" \/>\n<meta property=\"og:description\" content=\"Julio Prudencio\u00a0B\u00f6hrt Investigador social\/Consultor internacional Julio Prudencio tiene 35 a\u00f1os de experiencia como investigador social y consultor en varios pa\u00edses de Am\u00e9rica Latina y del \u00c1frica en tem\u00e1ticas relacionadas a la seguridad alimentaria nutricional, pobreza, desarrollo rural, medio ambiente, cambio clim\u00e1tico entre otros. Economista, especializado (DEA) en Planificaci\u00f3n del desarrollo en el IREP-Universidad de Grenoble\/Francia, [&hellip;]\" \/>\n<meta property=\"og:url\" content=\"https:\/\/blog.jprudencio.com\/index.php\/perfil\/\" \/>\n<meta property=\"og:site_name\" content=\"Julio Prudencio B\u00f6hrt\" \/>\n<meta property=\"article:modified_time\" content=\"2025-04-14T21:23:08+00:00\" \/>\n<meta name=\"twitter:card\" content=\"summary_large_image\" \/>\n<meta name=\"twitter:label1\" content=\"Tiempo de lectura\" \/>\n\t<meta name=\"twitter:data1\" content=\"1 minuto\" \/>\n<script type=\"application\/ld+json\" class=\"yoast-schema-graph\">{\"@context\":\"https:\/\/schema.org\",\"@graph\":[{\"@type\":\"WebPage\",\"@id\":\"https:\/\/blog.jprudencio.com\/index.php\/perfil\/\",\"url\":\"https:\/\/blog.jprudencio.com\/index.php\/perfil\/\",\"name\":\"Perfil - Julio Prudencio B\u00f6hrt\",\"isPartOf\":{\"@id\":\"https:\/\/blog.jprudencio.com\/#website\"},\"primaryImageOfPage\":{\"@id\":\"https:\/\/blog.jprudencio.com\/index.php\/perfil\/#primaryimage\"},\"image\":{\"@id\":\"https:\/\/blog.jprudencio.com\/index.php\/perfil\/#primaryimage\"},\"thumbnailUrl\":\"https:\/\/julioprudencio.files.wordpress.com\/2018\/05\/puchin.jpg?w=300&amp;h=180\",\"datePublished\":\"2018-06-28T18:47:50+00:00\",\"dateModified\":\"2025-04-14T21:23:08+00:00\",\"breadcrumb\":{\"@id\":\"https:\/\/blog.jprudencio.com\/index.php\/perfil\/#breadcrumb\"},\"inLanguage\":\"es-AR\",\"potentialAction\":[{\"@type\":\"ReadAction\",\"target\":[\"https:\/\/blog.jprudencio.com\/index.php\/perfil\/\"]}]},{\"@type\":\"ImageObject\",\"inLanguage\":\"es-AR\",\"@id\":\"https:\/\/blog.jprudencio.com\/index.php\/perfil\/#primaryimage\",\"url\":\"https:\/\/julioprudencio.files.wordpress.com\/2018\/05\/puchin.jpg?w=300&amp;h=180\",\"contentUrl\":\"https:\/\/julioprudencio.files.wordpress.com\/2018\/05\/puchin.jpg?w=300&amp;h=180\"},{\"@type\":\"BreadcrumbList\",\"@id\":\"https:\/\/blog.jprudencio.com\/index.php\/perfil\/#breadcrumb\",\"itemListElement\":[{\"@type\":\"ListItem\",\"position\":1,\"name\":\"Inicio\",\"item\":\"https:\/\/blog.jprudencio.com\/\"},{\"@type\":\"ListItem\",\"position\":2,\"name\":\"Perfil\"}]},{\"@type\":\"WebSite\",\"@id\":\"https:\/\/blog.jprudencio.com\/#website\",\"url\":\"https:\/\/blog.jprudencio.com\/\",\"name\":\"Julio Prudencio B\u00f6hrt\",\"description\":\"Economista\",\"potentialAction\":[{\"@type\":\"SearchAction\",\"target\":{\"@type\":\"EntryPoint\",\"urlTemplate\":\"https:\/\/blog.jprudencio.com\/?s={search_term_string}\"},\"query-input\":{\"@type\":\"PropertyValueSpecification\",\"valueRequired\":true,\"valueName\":\"search_term_string\"}}],\"inLanguage\":\"es-AR\"}]}<\/script>\n<!-- \/ Yoast SEO plugin. -->","yoast_head_json":{"title":"Perfil - Julio Prudencio B\u00f6hrt","robots":{"index":"index","follow":"follow","max-snippet":"max-snippet:-1","max-image-preview":"max-image-preview:large","max-video-preview":"max-video-preview:-1"},"canonical":"https:\/\/blog.jprudencio.com\/index.php\/perfil\/","og_locale":"es_ES","og_type":"article","og_title":"Perfil - Julio Prudencio B\u00f6hrt","og_description":"Julio Prudencio\u00a0B\u00f6hrt Investigador social\/Consultor internacional Julio Prudencio tiene 35 a\u00f1os de experiencia como investigador social y consultor en varios pa\u00edses de Am\u00e9rica Latina y del \u00c1frica en tem\u00e1ticas relacionadas a la seguridad alimentaria nutricional, pobreza, desarrollo rural, medio ambiente, cambio clim\u00e1tico entre otros. Economista, especializado (DEA) en Planificaci\u00f3n del desarrollo en el IREP-Universidad de Grenoble\/Francia, [&hellip;]","og_url":"https:\/\/blog.jprudencio.com\/index.php\/perfil\/","og_site_name":"Julio Prudencio B\u00f6hrt","article_modified_time":"2025-04-14T21:23:08+00:00","twitter_card":"summary_large_image","twitter_misc":{"Tiempo de lectura":"1 minuto"},"schema":{"@context":"https:\/\/schema.org","@graph":[{"@type":"WebPage","@id":"https:\/\/blog.jprudencio.com\/index.php\/perfil\/","url":"https:\/\/blog.jprudencio.com\/index.php\/perfil\/","name":"Perfil - Julio Prudencio B\u00f6hrt","isPartOf":{"@id":"https:\/\/blog.jprudencio.com\/#website"},"primaryImageOfPage":{"@id":"https:\/\/blog.jprudencio.com\/index.php\/perfil\/#primaryimage"},"image":{"@id":"https:\/\/blog.jprudencio.com\/index.php\/perfil\/#primaryimage"},"thumbnailUrl":"https:\/\/julioprudencio.files.wordpress.com\/2018\/05\/puchin.jpg?w=300&amp;h=180","datePublished":"2018-06-28T18:47:50+00:00","dateModified":"2025-04-14T21:23:08+00:00","breadcrumb":{"@id":"https:\/\/blog.jprudencio.com\/index.php\/perfil\/#breadcrumb"},"inLanguage":"es-AR","potentialAction":[{"@type":"ReadAction","target":["https:\/\/blog.jprudencio.com\/index.php\/perfil\/"]}]},{"@type":"ImageObject","inLanguage":"es-AR","@id":"https:\/\/blog.jprudencio.com\/index.php\/perfil\/#primaryimage","url":"https:\/\/julioprudencio.files.wordpress.com\/2018\/05\/puchin.jpg?w=300&amp;h=180","contentUrl":"https:\/\/julioprudencio.files.wordpress.com\/2018\/05\/puchin.jpg?w=300&amp;h=180"},{"@type":"BreadcrumbList","@id":"https:\/\/blog.jprudencio.com\/index.php\/perfil\/#breadcrumb","itemListElement":[{"@type":"ListItem","position":1,"name":"Inicio","item":"https:\/\/blog.jprudencio.com\/"},{"@type":"ListItem","position":2,"name":"Perfil"}]},{"@type":"WebSite","@id":"https:\/\/blog.jprudencio.com\/#website","url":"https:\/\/blog.jprudencio.com\/","name":"Julio Prudencio B\u00f6hrt","description":"Economista","potentialAction":[{"@type":"SearchAction","target":{"@type":"EntryPoint","urlTemplate":"https:\/\/blog.jprudencio.com\/?s={search_term_string}"},"query-input":{"@type":"PropertyValueSpecification","valueRequired":true,"valueName":"search_term_string"}}],"inLanguage":"es-AR"}]}},"_links":{"self":[{"href":"https:\/\/blog.jprudencio.com\/index.php\/wp-json\/wp\/v2\/pages\/17"}],"collection":[{"href":"https:\/\/blog.jprudencio.com\/index.php\/wp-json\/wp\/v2\/pages"}],"about":[{"href":"https:\/\/blog.jprudencio.com\/index.php\/wp-json\/wp\/v2\/types\/page"}],"author":[{"embeddable":true,"href":"https:\/\/blog.jprudencio.com\/index.php\/wp-json\/wp\/v2\/users\/2"}],"replies":[{"embeddable":true,"href":"https:\/\/blog.jprudencio.com\/index.php\/wp-json\/wp\/v2\/comments?post=17"}],"version-history":[{"count":5,"href":"https:\/\/blog.jprudencio.com\/index.php\/wp-json\/wp\/v2\/pages\/17\/revisions"}],"predecessor-version":[{"id":3289,"href":"https:\/\/blog.jprudencio.com\/index.php\/wp-json\/wp\/v2\/pages\/17\/revisions\/3289"}],"wp:attachment":[{"href":"https:\/\/blog.jprudencio.com\/index.php\/wp-json\/wp\/v2\/media?parent=17"}],"curies":[{"name":"wp","href":"https:\/\/api.w.org\/{rel}","templated":true}]}}