{"id":1435,"date":"2018-11-22T22:17:36","date_gmt":"2018-11-22T22:17:36","guid":{"rendered":"http:\/\/julioprudencio.com\/?page_id=1435"},"modified":"2018-11-22T23:55:09","modified_gmt":"2018-11-22T23:55:09","slug":"contact","status":"publish","type":"page","link":"https:\/\/blog.jprudencio.com\/index.php\/fr\/contact\/","title":{"rendered":"Contact"},"content":{"rendered":"<body><p><\/p>\n<table border=\"\" width=\"100%\">\n<tbody>\n<tr>\n<td>\n<h2><strong>JULIO PRUDENCIO B\u00d6HRT<\/strong><b><\/b><\/h2>\n<hr>\n<h3><strong>Mail:<\/strong><\/h3>\n<p><b><a href=\"mailto:Jprudencio@megalink.com\">Jprudencio@megalink.com<\/a><\/b><b><\/b><\/p>\n<p><b><a href=\"mailto:Julioprudenciobohrt@gmail.com\">Julioprudenciobohrt@gmail.com<\/a><\/b><\/p>\n<p>\u00a0<\/p>\n<h3><strong>T\u00e9l\u00e9phone:<\/strong><\/h3>\n<p>(591) 73202444<\/p>\n<p>\u00a0<\/p>\n<h3><strong>Localisation:<\/strong><\/h3>\n<p>La Paz \u2013 Bolivia<\/p><\/td>\n<td>\u00a0\n<h2><img decoding=\"async\" width=\"521\" height=\"577\" class=\"alignnone wp-image-505 \" src=\"https:\/\/blog.jprudencio.com\/wp-content\/uploads\/2018\/07\/fotoportada2b.jpg\" alt=\"\" loading=\"lazy\" srcset=\"https:\/\/blog.jprudencio.com\/wp-content\/uploads\/2018\/07\/fotoportada2b.jpg 521w, https:\/\/blog.jprudencio.com\/wp-content\/uploads\/2018\/07\/fotoportada2b-271x300.jpg 271w\" sizes=\"(max-width: 521px) 100vw, 521px\" \/><\/h2>\n<\/td>\n<\/tr>\n<tr>\n<td colspan=\"2\">\n<h3 style=\"text-align: center;\"><em>Exp\u00e9rience de travail de plusieurs ann\u00e9es et dans plusieurs pays, avec les activit\u00e9s suivantes<\/em><\/h3>\n<\/td>\n<\/tr>\n<tr>\n<td width=\"300\">\n<p style=\"text-align: center;\"><span style=\"color: #ff6600;\">RECHERCHE SOCIOECONOMIQUE<\/span><\/p>\n<ul>\n<li>Conception de projets de recherche<\/li>\n<li>\u00c9laboration d\u2019hypoth\u00e8ses<\/li>\n<li>Approches m\u00e9thodologiques<\/li>\n<li>Pr\u00e9paration du plan de travail et de recherche (\u00e9chantillonnage de l\u2019\u00e9tude, d\u00e9finition des variables de recherche, d\u00e9veloppement d\u2019indicateurs et d\u2019objectifs quantifiables, etc.)<\/li>\n<li>Conception d\u2019instruments de collecte d\u2019informations<\/li>\n<li>Formation d\u2019une \u00e9quipe de chercheurs, formation d\u2019enqu\u00eateurs, supervision de travaux sur le terrain<\/li>\n<\/ul>\n<\/td>\n<td width=\"316\">\n<p style=\"text-align: center;\"><span style=\"color: #ff6600;\">CONSEIL<\/span><\/p>\n<ul>\n<li>\u00c9valuations de projets (\u00e0 moyen terme, impact, r\u00e9sultats finaux)<\/li>\n<li>Application de diverses m\u00e9thodes de travail.<\/li>\n<li>Suivi des activit\u00e9s<\/li>\n<li>Accompagnement des parcours d\u2019apprentissage<\/li>\n<li>Indicateurs de v\u00e9rification de conformit\u00e9<\/li>\n<li>Travail sur le terrain (entretiens, enqu\u00eates, \u00e9tudes de cas, groupes de discussion, formation d\u2019enqu\u00eateurs)<\/li>\n<li>Syst\u00e9matisation des informations collect\u00e9es<\/li>\n<li>Configuration de la base de donn\u00e9es<\/li>\n<\/ul>\n<\/td>\n<\/tr>\n<\/tbody>\n<\/table>\n<p>\u00a0<\/p>\n<\/body>","protected":false},"excerpt":{"rendered":"<p>JULIO PRUDENCIO B\u00d6HRT Mail: Jprudencio@megalink.com Julioprudenciobohrt@gmail.com \u00a0 T\u00e9l\u00e9phone: (591) 73202444 \u00a0 Localisation: La Paz \u2013 Bolivia \u00a0 Exp\u00e9rience ...<\/p>","protected":false},"author":2,"featured_media":0,"parent":0,"menu_order":0,"comment_status":"closed","ping_status":"closed","template":"","meta":{"footnotes":""},"class_list":["post-1435","page","type-page","status-publish","hentry"],"yoast_head":"<!-- This site is optimized with the Yoast SEO plugin v25.0 - https:\/\/yoast.com\/wordpress\/plugins\/seo\/ -->\n<title>Contact - Julio Prudencio B\u00f6hrt<\/title>\n<meta name=\"robots\" content=\"index, follow, max-snippet:-1, max-image-preview:large, max-video-preview:-1\" \/>\n<link rel=\"canonical\" href=\"https:\/\/blog.jprudencio.com\/index.php\/fr\/contact\/\" \/>\n<meta property=\"og:locale\" content=\"es_ES\" \/>\n<meta property=\"og:type\" content=\"article\" \/>\n<meta property=\"og:title\" content=\"Contact - Julio Prudencio B\u00f6hrt\" \/>\n<meta property=\"og:description\" content=\"JULIO PRUDENCIO B\u00d6HRT Mail: Jprudencio@megalink.com Julioprudenciobohrt@gmail.com \u00a0 T\u00e9l\u00e9phone: (591) 73202444 \u00a0 Localisation: La Paz \u2013 Bolivia \u00a0 Exp\u00e9rience de travail de plusieurs ann\u00e9es et dans plusieurs pays, avec les activit\u00e9s suivantes RECHERCHE SOCIOECONOMIQUE Conception de projets de recherche \u00c9laboration d\u2019hypoth\u00e8ses Approches m\u00e9thodologiques Pr\u00e9paration du plan de travail et de recherche (\u00e9chantillonnage de l\u2019\u00e9tude, d\u00e9finition des [&hellip;]\" \/>\n<meta property=\"og:url\" content=\"https:\/\/blog.jprudencio.com\/index.php\/fr\/contact\/\" \/>\n<meta property=\"og:site_name\" content=\"Julio Prudencio B\u00f6hrt\" \/>\n<meta property=\"article:modified_time\" content=\"2018-11-22T23:55:09+00:00\" \/>\n<meta property=\"og:image\" content=\"https:\/\/blog.jprudencio.com\/wp-content\/uploads\/2018\/07\/fotoportada2b.jpg\" \/>\n<meta name=\"twitter:card\" content=\"summary_large_image\" \/>\n<meta name=\"twitter:label1\" content=\"Tiempo de lectura\" \/>\n\t<meta name=\"twitter:data1\" content=\"1 minuto\" \/>\n<script type=\"application\/ld+json\" class=\"yoast-schema-graph\">{\"@context\":\"https:\/\/schema.org\",\"@graph\":[{\"@type\":\"WebPage\",\"@id\":\"https:\/\/blog.jprudencio.com\/index.php\/fr\/contact\/\",\"url\":\"https:\/\/blog.jprudencio.com\/index.php\/fr\/contact\/\",\"name\":\"Contact - Julio Prudencio B\u00f6hrt\",\"isPartOf\":{\"@id\":\"https:\/\/blog.jprudencio.com\/#website\"},\"primaryImageOfPage\":{\"@id\":\"https:\/\/blog.jprudencio.com\/index.php\/fr\/contact\/#primaryimage\"},\"image\":{\"@id\":\"https:\/\/blog.jprudencio.com\/index.php\/fr\/contact\/#primaryimage\"},\"thumbnailUrl\":\"https:\/\/blog.jprudencio.com\/wp-content\/uploads\/2018\/07\/fotoportada2b.jpg\",\"datePublished\":\"2018-11-22T22:17:36+00:00\",\"dateModified\":\"2018-11-22T23:55:09+00:00\",\"breadcrumb\":{\"@id\":\"https:\/\/blog.jprudencio.com\/index.php\/fr\/contact\/#breadcrumb\"},\"inLanguage\":\"es-AR\",\"potentialAction\":[{\"@type\":\"ReadAction\",\"target\":[\"https:\/\/blog.jprudencio.com\/index.php\/fr\/contact\/\"]}]},{\"@type\":\"ImageObject\",\"inLanguage\":\"es-AR\",\"@id\":\"https:\/\/blog.jprudencio.com\/index.php\/fr\/contact\/#primaryimage\",\"url\":\"https:\/\/blog.jprudencio.com\/wp-content\/uploads\/2018\/07\/fotoportada2b.jpg\",\"contentUrl\":\"https:\/\/blog.jprudencio.com\/wp-content\/uploads\/2018\/07\/fotoportada2b.jpg\",\"width\":521,\"height\":577},{\"@type\":\"BreadcrumbList\",\"@id\":\"https:\/\/blog.jprudencio.com\/index.php\/fr\/contact\/#breadcrumb\",\"itemListElement\":[{\"@type\":\"ListItem\",\"position\":1,\"name\":\"Inicio\",\"item\":\"https:\/\/blog.jprudencio.com\/\"},{\"@type\":\"ListItem\",\"position\":2,\"name\":\"Contact\"}]},{\"@type\":\"WebSite\",\"@id\":\"https:\/\/blog.jprudencio.com\/#website\",\"url\":\"https:\/\/blog.jprudencio.com\/\",\"name\":\"Julio Prudencio B\u00f6hrt\",\"description\":\"Economista\",\"potentialAction\":[{\"@type\":\"SearchAction\",\"target\":{\"@type\":\"EntryPoint\",\"urlTemplate\":\"https:\/\/blog.jprudencio.com\/?s={search_term_string}\"},\"query-input\":{\"@type\":\"PropertyValueSpecification\",\"valueRequired\":true,\"valueName\":\"search_term_string\"}}],\"inLanguage\":\"es-AR\"}]}<\/script>\n<!-- \/ Yoast SEO plugin. -->","yoast_head_json":{"title":"Contact - Julio Prudencio B\u00f6hrt","robots":{"index":"index","follow":"follow","max-snippet":"max-snippet:-1","max-image-preview":"max-image-preview:large","max-video-preview":"max-video-preview:-1"},"canonical":"https:\/\/blog.jprudencio.com\/index.php\/fr\/contact\/","og_locale":"es_ES","og_type":"article","og_title":"Contact - Julio Prudencio B\u00f6hrt","og_description":"JULIO PRUDENCIO B\u00d6HRT Mail: Jprudencio@megalink.com Julioprudenciobohrt@gmail.com \u00a0 T\u00e9l\u00e9phone: (591) 73202444 \u00a0 Localisation: La Paz \u2013 Bolivia \u00a0 Exp\u00e9rience de travail de plusieurs ann\u00e9es et dans plusieurs pays, avec les activit\u00e9s suivantes RECHERCHE SOCIOECONOMIQUE Conception de projets de recherche \u00c9laboration d\u2019hypoth\u00e8ses Approches m\u00e9thodologiques Pr\u00e9paration du plan de travail et de recherche (\u00e9chantillonnage de l\u2019\u00e9tude, d\u00e9finition des [&hellip;]","og_url":"https:\/\/blog.jprudencio.com\/index.php\/fr\/contact\/","og_site_name":"Julio Prudencio B\u00f6hrt","article_modified_time":"2018-11-22T23:55:09+00:00","og_image":[{"url":"https:\/\/blog.jprudencio.com\/wp-content\/uploads\/2018\/07\/fotoportada2b.jpg","type":"","width":"","height":""}],"twitter_card":"summary_large_image","twitter_misc":{"Tiempo de lectura":"1 minuto"},"schema":{"@context":"https:\/\/schema.org","@graph":[{"@type":"WebPage","@id":"https:\/\/blog.jprudencio.com\/index.php\/fr\/contact\/","url":"https:\/\/blog.jprudencio.com\/index.php\/fr\/contact\/","name":"Contact - Julio Prudencio B\u00f6hrt","isPartOf":{"@id":"https:\/\/blog.jprudencio.com\/#website"},"primaryImageOfPage":{"@id":"https:\/\/blog.jprudencio.com\/index.php\/fr\/contact\/#primaryimage"},"image":{"@id":"https:\/\/blog.jprudencio.com\/index.php\/fr\/contact\/#primaryimage"},"thumbnailUrl":"https:\/\/blog.jprudencio.com\/wp-content\/uploads\/2018\/07\/fotoportada2b.jpg","datePublished":"2018-11-22T22:17:36+00:00","dateModified":"2018-11-22T23:55:09+00:00","breadcrumb":{"@id":"https:\/\/blog.jprudencio.com\/index.php\/fr\/contact\/#breadcrumb"},"inLanguage":"es-AR","potentialAction":[{"@type":"ReadAction","target":["https:\/\/blog.jprudencio.com\/index.php\/fr\/contact\/"]}]},{"@type":"ImageObject","inLanguage":"es-AR","@id":"https:\/\/blog.jprudencio.com\/index.php\/fr\/contact\/#primaryimage","url":"https:\/\/blog.jprudencio.com\/wp-content\/uploads\/2018\/07\/fotoportada2b.jpg","contentUrl":"https:\/\/blog.jprudencio.com\/wp-content\/uploads\/2018\/07\/fotoportada2b.jpg","width":521,"height":577},{"@type":"BreadcrumbList","@id":"https:\/\/blog.jprudencio.com\/index.php\/fr\/contact\/#breadcrumb","itemListElement":[{"@type":"ListItem","position":1,"name":"Inicio","item":"https:\/\/blog.jprudencio.com\/"},{"@type":"ListItem","position":2,"name":"Contact"}]},{"@type":"WebSite","@id":"https:\/\/blog.jprudencio.com\/#website","url":"https:\/\/blog.jprudencio.com\/","name":"Julio Prudencio B\u00f6hrt","description":"Economista","potentialAction":[{"@type":"SearchAction","target":{"@type":"EntryPoint","urlTemplate":"https:\/\/blog.jprudencio.com\/?s={search_term_string}"},"query-input":{"@type":"PropertyValueSpecification","valueRequired":true,"valueName":"search_term_string"}}],"inLanguage":"es-AR"}]}},"_links":{"self":[{"href":"https:\/\/blog.jprudencio.com\/index.php\/wp-json\/wp\/v2\/pages\/1435"}],"collection":[{"href":"https:\/\/blog.jprudencio.com\/index.php\/wp-json\/wp\/v2\/pages"}],"about":[{"href":"https:\/\/blog.jprudencio.com\/index.php\/wp-json\/wp\/v2\/types\/page"}],"author":[{"embeddable":true,"href":"https:\/\/blog.jprudencio.com\/index.php\/wp-json\/wp\/v2\/users\/2"}],"replies":[{"embeddable":true,"href":"https:\/\/blog.jprudencio.com\/index.php\/wp-json\/wp\/v2\/comments?post=1435"}],"version-history":[{"count":5,"href":"https:\/\/blog.jprudencio.com\/index.php\/wp-json\/wp\/v2\/pages\/1435\/revisions"}],"predecessor-version":[{"id":1482,"href":"https:\/\/blog.jprudencio.com\/index.php\/wp-json\/wp\/v2\/pages\/1435\/revisions\/1482"}],"wp:attachment":[{"href":"https:\/\/blog.jprudencio.com\/index.php\/wp-json\/wp\/v2\/media?parent=1435"}],"curies":[{"name":"wp","href":"https:\/\/api.w.org\/{rel}","templated":true}]}}