{"id":1433,"date":"2018-11-22T22:17:12","date_gmt":"2018-11-22T22:17:12","guid":{"rendered":"http:\/\/julioprudencio.com\/?page_id=1433"},"modified":"2018-12-27T19:54:05","modified_gmt":"2018-12-27T19:54:05","slug":"bienvenue","status":"publish","type":"page","link":"https:\/\/blog.jprudencio.com\/index.php\/fr\/bienvenue\/","title":{"rendered":"Bienvenue"},"content":{"rendered":"<body><div style=\"text-align: justify;\">Aujourd\u2019hui, face \u00e0 la mondialisation et au progr\u00e8s de la technologie, on constate une d\u00e9valorisation des biblioth\u00e8ques publiques et une privatisation du savoir.\u00a0\n<div style=\"text-align: justify;\">Nous avons certes acc\u00e8s \u00e0 l\u2019information \u00e9lectronique, mais les donn\u00e9es plus sp\u00e9cifiques, sp\u00e9cialis\u00e9es ou historiques engendrent souvent des co\u00fbts d\u2019acc\u00e8s. De plus, beaucoup de connaissances g\u00e9n\u00e9r\u00e9es dans le pass\u00e9 n\u2019ont pas \u00e9t\u00e9 transcrites \u00e9lectroniquement, de sorte que certaines informations ont \u00e9t\u00e9 perdues.\u00a0\n<div style=\"text-align: justify;\">Pour cette raison, un effort important est fait aujourd\u2019hui pour r\u00e9cup\u00e9rer, r\u00e9sumer et classer une s\u00e9rie de documents li\u00e9s au th\u00e8me agroalimentaire \u2013 \u00e9labor\u00e9s individuellement et conjointement \u2013 afin de les proposer sous un format \u00e9lectroniquement.\u00a0\n<div style=\"text-align: justify;\">Cette \u0153uvre repr\u00e9sente une p\u00e9riode de plusieurs ann\u00e9es de travail et d\u2019analyse autour de ce th\u00e8me. Ce sont des \u00e9crits et des rapports qui vont des enqu\u00eates aux \u00e9valuations. Ils sont le r\u00e9sultat d\u2019innombrables visites sur le terrain, d\u2019enqu\u00eates et entretiens, de v\u00e9rifications de projets sur le terrain \u00e9galement; diagnostics; essais; documents de travail; d\u00e9bats lors d\u2019ateliers et de s\u00e9minaires; \u00e9changes d\u2019id\u00e9es et d\u2019exp\u00e9riences; points de rencontre et de d\u00e9saccord; pol\u00e9miques\u00a0et lectures auxquelles ont particip\u00e9 plusieurs chercheurs nationaux et internationaux.\u00a0\n<div style=\"text-align: justify;\">Elle part du principe selon lequel la connaissance est un bien public, un bien commun et non un bien priv\u00e9. L\u2019intention est donc que tout lecteur ait un acc\u00e8s libre, facile et gratuit \u00e0 ces informations.\u00a0\n<div style=\"text-align: justify;\">Les connaissances, les r\u00e9sultats, les doutes et les approches doivent \u00eatre mis en lumi\u00e8re et diffus\u00e9s afin que l\u2019histoire ne les oublie pas, afin que les \u00e9tudiants universitaires et les professionnels actuels connaissent le chemin parcouru et comprennent\u00a0: o\u00f9 nous en sommes vis-\u00e0-vis de la question agroalimentaire\u00a0; et par qui ces recherches ont \u00e9t\u00e9 men\u00e9es. Tout cela afin de poursuivre cette t\u00e2che, identifier de nouveaux d\u00e9fis et mieux les affronter au 21\u00e8me si\u00e8cle.\u00a0\n<div style=\"text-align: justify;\">Cela nous permet \u00e9galement de nous souvenir \u2026 des questions que nous avons soulev\u00e9es \u2026 de ce en quoi nous avons cru\u2026 de ce en quoi nous avons \u00e9volu\u00e9\u2026 de nos erreurs\u2026 du chemin parcouru\u2026 et de r\u00e9affirmer que nous ne nous sommes pas tromp\u00e9s sur plusieurs questions et qu\u2019aujourd\u2019hui, l\u2019histoire et le temps nous donnent raison.\u00a0\n<div style=\"text-align: justify;\">En r\u00e9sum\u00e9 \u2026 c\u2019est une invitation \u00e0 parcourir l\u2019empreinte que nous avons laiss\u00e9 dans le th\u00e8me de l\u2019agroalimentaire \u2026 A red\u00e9couvrir le chemin parcouru \u2026.avec espoir.\u00a0\n<div id=\"metaslider-id-1629\" style=\"max-width: 400px; margin: 0 auto;\" class=\"ml-slider-3-108-0 metaslider metaslider-flex metaslider-1629 ml-slider has-dots-nav ms-theme-nivo-dark\" role=\"region\" aria-label=\"Fotos Inicio\" data-height=\"450\" data-width=\"400\">\n    <div id=\"metaslider_container_1629\">\n        <div id=\"metaslider_1629\">\n            <ul class='slides'>\n                <li style=\"display: block; width: 100%;\" class=\"slide-1630 ms-image \" aria-roledescription=\"slide\" data-date=\"2018-12-24 04:22:05\" data-filename=\"Foto-mia-seminario-Paris.jpg\" data-slide-type=\"image\"><img loading=\"lazy\" decoding=\"async\" width=\"2138\" height=\"1317\" src=\"https:\/\/blog.jprudencio.com\/wp-content\/uploads\/2018\/12\/Foto-mia-seminario-Paris.jpg\" class=\"slider-1629 slide-1630 msDefaultImage\" alt=\"\" rel=\"\" title=\"Foto mia seminario Paris\" style=\"margin-top: 25.450187090739%\" srcset=\"https:\/\/blog.jprudencio.com\/wp-content\/uploads\/2018\/12\/Foto-mia-seminario-Paris.jpg 2138w, https:\/\/blog.jprudencio.com\/wp-content\/uploads\/2018\/12\/Foto-mia-seminario-Paris-600x370.jpg 600w, https:\/\/blog.jprudencio.com\/wp-content\/uploads\/2018\/12\/Foto-mia-seminario-Paris-300x185.jpg 300w, https:\/\/blog.jprudencio.com\/wp-content\/uploads\/2018\/12\/Foto-mia-seminario-Paris-768x473.jpg 768w, https:\/\/blog.jprudencio.com\/wp-content\/uploads\/2018\/12\/Foto-mia-seminario-Paris-1024x631.jpg 1024w\" sizes=\"(max-width: 2138px) 100vw, 2138px\" \/><div class=\"caption-wrap\"><div class=\"caption\"><div>Seminario en Par\u00eds<\/div><\/div><\/div><\/li>\n                <li style=\"display: none; width: 100%;\" class=\"slide-1631 ms-image \" aria-roledescription=\"slide\" data-date=\"2018-12-24 04:22:44\" data-filename=\"Solo-2.jpg\" data-slide-type=\"image\"><img loading=\"lazy\" decoding=\"async\" width=\"1280\" height=\"1684\" src=\"https:\/\/blog.jprudencio.com\/wp-content\/uploads\/2018\/12\/Solo-2.jpg\" class=\"slider-1629 slide-1631 msDefaultImage\" alt=\"\" rel=\"\" title=\"Solo 2\" style=\"margin: 0 auto; width: 85.510688836105%\" srcset=\"https:\/\/blog.jprudencio.com\/wp-content\/uploads\/2018\/12\/Solo-2.jpg 1280w, https:\/\/blog.jprudencio.com\/wp-content\/uploads\/2018\/12\/Solo-2-600x789.jpg 600w, https:\/\/blog.jprudencio.com\/wp-content\/uploads\/2018\/12\/Solo-2-228x300.jpg 228w, https:\/\/blog.jprudencio.com\/wp-content\/uploads\/2018\/12\/Solo-2-768x1010.jpg 768w, https:\/\/blog.jprudencio.com\/wp-content\/uploads\/2018\/12\/Solo-2-778x1024.jpg 778w\" sizes=\"(max-width: 1280px) 100vw, 1280px\" \/><\/li>\n                <li style=\"display: none; width: 100%;\" class=\"slide-1632 ms-image \" aria-roledescription=\"slide\" data-date=\"2018-12-24 04:23:02\" data-filename=\"solo.jpg\" data-slide-type=\"image\"><img loading=\"lazy\" decoding=\"async\" width=\"1536\" height=\"2560\" src=\"https:\/\/blog.jprudencio.com\/wp-content\/uploads\/2018\/12\/solo.jpg\" class=\"slider-1629 slide-1632 msDefaultImage\" alt=\"\" rel=\"\" title=\"solo\" style=\"margin: 0 auto; width: 67.5%\" srcset=\"https:\/\/blog.jprudencio.com\/wp-content\/uploads\/2018\/12\/solo.jpg 1536w, https:\/\/blog.jprudencio.com\/wp-content\/uploads\/2018\/12\/solo-600x1000.jpg 600w, https:\/\/blog.jprudencio.com\/wp-content\/uploads\/2018\/12\/solo-180x300.jpg 180w, https:\/\/blog.jprudencio.com\/wp-content\/uploads\/2018\/12\/solo-768x1280.jpg 768w, https:\/\/blog.jprudencio.com\/wp-content\/uploads\/2018\/12\/solo-614x1024.jpg 614w\" sizes=\"(max-width: 1536px) 100vw, 1536px\" \/><\/li>\n                <li style=\"display: none; width: 100%;\" class=\"slide-1636 ms-image \" aria-roledescription=\"slide\" data-date=\"2018-12-24 04:40:30\" data-filename=\"Visita-proyecto-Africa-4-e1596643189639.jpg\" data-slide-type=\"image\"><img loading=\"lazy\" decoding=\"async\" width=\"2560\" height=\"1536\" src=\"https:\/\/blog.jprudencio.com\/wp-content\/uploads\/2018\/12\/Visita-proyecto-Africa-4-e1596643189639.jpg\" class=\"slider-1629 slide-1636 msDefaultImage\" alt=\"\" rel=\"\" title=\"Visita proyecto Africa 4\" style=\"margin-top: 26.25%\" srcset=\"https:\/\/blog.jprudencio.com\/wp-content\/uploads\/2018\/12\/Visita-proyecto-Africa-4-e1596643189639.jpg 2560w, https:\/\/blog.jprudencio.com\/wp-content\/uploads\/2018\/12\/Visita-proyecto-Africa-4-e1596643189639-600x360.jpg 600w, https:\/\/blog.jprudencio.com\/wp-content\/uploads\/2018\/12\/Visita-proyecto-Africa-4-e1596643189639-300x180.jpg 300w, https:\/\/blog.jprudencio.com\/wp-content\/uploads\/2018\/12\/Visita-proyecto-Africa-4-e1596643189639-768x461.jpg 768w, https:\/\/blog.jprudencio.com\/wp-content\/uploads\/2018\/12\/Visita-proyecto-Africa-4-e1596643189639-1024x614.jpg 1024w, https:\/\/blog.jprudencio.com\/wp-content\/uploads\/2018\/12\/Visita-proyecto-Africa-4-e1596643189639-1536x922.jpg 1536w, https:\/\/blog.jprudencio.com\/wp-content\/uploads\/2018\/12\/Visita-proyecto-Africa-4-e1596643189639-2048x1229.jpg 2048w\" sizes=\"(max-width: 2560px) 100vw, 2560px\" \/><div class=\"caption-wrap\"><div class=\"caption\"><div>Visita proyecto Africa<\/div><\/div><\/div><\/li>\n                <li style=\"display: none; width: 100%;\" class=\"slide-1637 ms-image \" aria-roledescription=\"slide\" data-date=\"2018-12-24 04:41:07\" data-filename=\"Trabajo-de-campo-en-Bolivia-e1596643089413.jpg\" data-slide-type=\"image\"><img loading=\"lazy\" decoding=\"async\" width=\"2560\" height=\"1536\" src=\"https:\/\/blog.jprudencio.com\/wp-content\/uploads\/2018\/12\/Trabajo-de-campo-en-Bolivia-e1596643089413.jpg\" class=\"slider-1629 slide-1637 msDefaultImage\" alt=\"\" rel=\"\" title=\"Trabajo de campo en Bolivia\" style=\"margin-top: 26.25%\" srcset=\"https:\/\/blog.jprudencio.com\/wp-content\/uploads\/2018\/12\/Trabajo-de-campo-en-Bolivia-e1596643089413.jpg 2560w, https:\/\/blog.jprudencio.com\/wp-content\/uploads\/2018\/12\/Trabajo-de-campo-en-Bolivia-e1596643089413-600x360.jpg 600w, https:\/\/blog.jprudencio.com\/wp-content\/uploads\/2018\/12\/Trabajo-de-campo-en-Bolivia-e1596643089413-300x180.jpg 300w, https:\/\/blog.jprudencio.com\/wp-content\/uploads\/2018\/12\/Trabajo-de-campo-en-Bolivia-e1596643089413-768x461.jpg 768w, https:\/\/blog.jprudencio.com\/wp-content\/uploads\/2018\/12\/Trabajo-de-campo-en-Bolivia-e1596643089413-1024x614.jpg 1024w, https:\/\/blog.jprudencio.com\/wp-content\/uploads\/2018\/12\/Trabajo-de-campo-en-Bolivia-e1596643089413-1536x922.jpg 1536w, https:\/\/blog.jprudencio.com\/wp-content\/uploads\/2018\/12\/Trabajo-de-campo-en-Bolivia-e1596643089413-2048x1229.jpg 2048w\" sizes=\"(max-width: 2560px) 100vw, 2560px\" \/><div class=\"caption-wrap\"><div class=\"caption\"><div>Trabajo de campo en Bolivia<\/div><\/div><\/div><\/li>\n                <li style=\"display: none; width: 100%;\" class=\"slide-1638 ms-image \" aria-roledescription=\"slide\" data-date=\"2018-12-24 04:41:43\" data-filename=\"Visita-proyectos-Uagadougou.jpg\" data-slide-type=\"image\"><img loading=\"lazy\" decoding=\"async\" width=\"2560\" height=\"1536\" src=\"https:\/\/blog.jprudencio.com\/wp-content\/uploads\/2018\/12\/Visita-proyectos-Uagadougou.jpg\" class=\"slider-1629 slide-1638 msDefaultImage\" alt=\"\" rel=\"\" title=\"Visita proyectos Uagadougou\" style=\"margin-top: 26.25%\" srcset=\"https:\/\/blog.jprudencio.com\/wp-content\/uploads\/2018\/12\/Visita-proyectos-Uagadougou.jpg 2560w, https:\/\/blog.jprudencio.com\/wp-content\/uploads\/2018\/12\/Visita-proyectos-Uagadougou-600x360.jpg 600w, https:\/\/blog.jprudencio.com\/wp-content\/uploads\/2018\/12\/Visita-proyectos-Uagadougou-300x180.jpg 300w, https:\/\/blog.jprudencio.com\/wp-content\/uploads\/2018\/12\/Visita-proyectos-Uagadougou-768x461.jpg 768w, https:\/\/blog.jprudencio.com\/wp-content\/uploads\/2018\/12\/Visita-proyectos-Uagadougou-1024x614.jpg 1024w\" sizes=\"(max-width: 2560px) 100vw, 2560px\" \/><div class=\"caption-wrap\"><div class=\"caption\"><div>Visita proyecto Uagadougou<\/div><\/div><\/div><\/li>\n            <\/ul>\n        <\/div>\n        \n    <\/div>\n<\/div>\n<\/div><\/div><\/div><\/div><\/div><\/div><\/div><\/div><\/body>","protected":false},"excerpt":{"rendered":"<p>Aujourd\u2019hui, face \u00e0 la mondialisation et au progr\u00e8s de la technologie, on constate une d\u00e9valorisation des biblioth\u00e8ques publiques ...<\/p>","protected":false},"author":2,"featured_media":0,"parent":0,"menu_order":0,"comment_status":"closed","ping_status":"closed","template":"","meta":{"footnotes":""},"class_list":["post-1433","page","type-page","status-publish","hentry"],"yoast_head":"<!-- This site is optimized with the Yoast SEO plugin v25.0 - https:\/\/yoast.com\/wordpress\/plugins\/seo\/ -->\n<title>Bienvenue - Julio Prudencio B\u00f6hrt<\/title>\n<meta name=\"robots\" content=\"index, follow, max-snippet:-1, max-image-preview:large, max-video-preview:-1\" \/>\n<link rel=\"canonical\" href=\"https:\/\/blog.jprudencio.com\/index.php\/fr\/bienvenue\/\" \/>\n<meta property=\"og:locale\" content=\"es_ES\" \/>\n<meta property=\"og:type\" content=\"article\" \/>\n<meta property=\"og:title\" content=\"Bienvenue - Julio Prudencio B\u00f6hrt\" \/>\n<meta property=\"og:description\" content=\"Aujourd\u2019hui, face \u00e0 la mondialisation et au progr\u00e8s de la technologie, on constate une d\u00e9valorisation des biblioth\u00e8ques publiques et une privatisation du savoir.\u00a0 Nous avons certes acc\u00e8s \u00e0 l\u2019information \u00e9lectronique, mais les donn\u00e9es plus sp\u00e9cifiques, sp\u00e9cialis\u00e9es ou historiques engendrent souvent des co\u00fbts d\u2019acc\u00e8s. De plus, beaucoup de connaissances g\u00e9n\u00e9r\u00e9es dans le pass\u00e9 n\u2019ont pas \u00e9t\u00e9 [&hellip;]\" \/>\n<meta property=\"og:url\" content=\"https:\/\/blog.jprudencio.com\/index.php\/fr\/bienvenue\/\" \/>\n<meta property=\"og:site_name\" content=\"Julio Prudencio B\u00f6hrt\" \/>\n<meta property=\"article:modified_time\" content=\"2018-12-27T19:54:05+00:00\" \/>\n<meta name=\"twitter:card\" content=\"summary_large_image\" \/>\n<meta name=\"twitter:label1\" content=\"Tiempo de lectura\" \/>\n\t<meta name=\"twitter:data1\" content=\"2 minutos\" \/>\n<script type=\"application\/ld+json\" class=\"yoast-schema-graph\">{\"@context\":\"https:\/\/schema.org\",\"@graph\":[{\"@type\":\"WebPage\",\"@id\":\"https:\/\/blog.jprudencio.com\/index.php\/fr\/bienvenue\/\",\"url\":\"https:\/\/blog.jprudencio.com\/index.php\/fr\/bienvenue\/\",\"name\":\"Bienvenue - Julio Prudencio B\u00f6hrt\",\"isPartOf\":{\"@id\":\"https:\/\/blog.jprudencio.com\/#website\"},\"datePublished\":\"2018-11-22T22:17:12+00:00\",\"dateModified\":\"2018-12-27T19:54:05+00:00\",\"breadcrumb\":{\"@id\":\"https:\/\/blog.jprudencio.com\/index.php\/fr\/bienvenue\/#breadcrumb\"},\"inLanguage\":\"es-AR\",\"potentialAction\":[{\"@type\":\"ReadAction\",\"target\":[\"https:\/\/blog.jprudencio.com\/index.php\/fr\/bienvenue\/\"]}]},{\"@type\":\"BreadcrumbList\",\"@id\":\"https:\/\/blog.jprudencio.com\/index.php\/fr\/bienvenue\/#breadcrumb\",\"itemListElement\":[{\"@type\":\"ListItem\",\"position\":1,\"name\":\"Inicio\",\"item\":\"https:\/\/blog.jprudencio.com\/\"},{\"@type\":\"ListItem\",\"position\":2,\"name\":\"Bienvenue\"}]},{\"@type\":\"WebSite\",\"@id\":\"https:\/\/blog.jprudencio.com\/#website\",\"url\":\"https:\/\/blog.jprudencio.com\/\",\"name\":\"Julio Prudencio B\u00f6hrt\",\"description\":\"Economista\",\"potentialAction\":[{\"@type\":\"SearchAction\",\"target\":{\"@type\":\"EntryPoint\",\"urlTemplate\":\"https:\/\/blog.jprudencio.com\/?s={search_term_string}\"},\"query-input\":{\"@type\":\"PropertyValueSpecification\",\"valueRequired\":true,\"valueName\":\"search_term_string\"}}],\"inLanguage\":\"es-AR\"}]}<\/script>\n<!-- \/ Yoast SEO plugin. -->","yoast_head_json":{"title":"Bienvenue - Julio Prudencio B\u00f6hrt","robots":{"index":"index","follow":"follow","max-snippet":"max-snippet:-1","max-image-preview":"max-image-preview:large","max-video-preview":"max-video-preview:-1"},"canonical":"https:\/\/blog.jprudencio.com\/index.php\/fr\/bienvenue\/","og_locale":"es_ES","og_type":"article","og_title":"Bienvenue - Julio Prudencio B\u00f6hrt","og_description":"Aujourd\u2019hui, face \u00e0 la mondialisation et au progr\u00e8s de la technologie, on constate une d\u00e9valorisation des biblioth\u00e8ques publiques et une privatisation du savoir.\u00a0 Nous avons certes acc\u00e8s \u00e0 l\u2019information \u00e9lectronique, mais les donn\u00e9es plus sp\u00e9cifiques, sp\u00e9cialis\u00e9es ou historiques engendrent souvent des co\u00fbts d\u2019acc\u00e8s. De plus, beaucoup de connaissances g\u00e9n\u00e9r\u00e9es dans le pass\u00e9 n\u2019ont pas \u00e9t\u00e9 [&hellip;]","og_url":"https:\/\/blog.jprudencio.com\/index.php\/fr\/bienvenue\/","og_site_name":"Julio Prudencio B\u00f6hrt","article_modified_time":"2018-12-27T19:54:05+00:00","twitter_card":"summary_large_image","twitter_misc":{"Tiempo de lectura":"2 minutos"},"schema":{"@context":"https:\/\/schema.org","@graph":[{"@type":"WebPage","@id":"https:\/\/blog.jprudencio.com\/index.php\/fr\/bienvenue\/","url":"https:\/\/blog.jprudencio.com\/index.php\/fr\/bienvenue\/","name":"Bienvenue - Julio Prudencio B\u00f6hrt","isPartOf":{"@id":"https:\/\/blog.jprudencio.com\/#website"},"datePublished":"2018-11-22T22:17:12+00:00","dateModified":"2018-12-27T19:54:05+00:00","breadcrumb":{"@id":"https:\/\/blog.jprudencio.com\/index.php\/fr\/bienvenue\/#breadcrumb"},"inLanguage":"es-AR","potentialAction":[{"@type":"ReadAction","target":["https:\/\/blog.jprudencio.com\/index.php\/fr\/bienvenue\/"]}]},{"@type":"BreadcrumbList","@id":"https:\/\/blog.jprudencio.com\/index.php\/fr\/bienvenue\/#breadcrumb","itemListElement":[{"@type":"ListItem","position":1,"name":"Inicio","item":"https:\/\/blog.jprudencio.com\/"},{"@type":"ListItem","position":2,"name":"Bienvenue"}]},{"@type":"WebSite","@id":"https:\/\/blog.jprudencio.com\/#website","url":"https:\/\/blog.jprudencio.com\/","name":"Julio Prudencio B\u00f6hrt","description":"Economista","potentialAction":[{"@type":"SearchAction","target":{"@type":"EntryPoint","urlTemplate":"https:\/\/blog.jprudencio.com\/?s={search_term_string}"},"query-input":{"@type":"PropertyValueSpecification","valueRequired":true,"valueName":"search_term_string"}}],"inLanguage":"es-AR"}]}},"_links":{"self":[{"href":"https:\/\/blog.jprudencio.com\/index.php\/wp-json\/wp\/v2\/pages\/1433"}],"collection":[{"href":"https:\/\/blog.jprudencio.com\/index.php\/wp-json\/wp\/v2\/pages"}],"about":[{"href":"https:\/\/blog.jprudencio.com\/index.php\/wp-json\/wp\/v2\/types\/page"}],"author":[{"embeddable":true,"href":"https:\/\/blog.jprudencio.com\/index.php\/wp-json\/wp\/v2\/users\/2"}],"replies":[{"embeddable":true,"href":"https:\/\/blog.jprudencio.com\/index.php\/wp-json\/wp\/v2\/comments?post=1433"}],"version-history":[{"count":5,"href":"https:\/\/blog.jprudencio.com\/index.php\/wp-json\/wp\/v2\/pages\/1433\/revisions"}],"predecessor-version":[{"id":1697,"href":"https:\/\/blog.jprudencio.com\/index.php\/wp-json\/wp\/v2\/pages\/1433\/revisions\/1697"}],"wp:attachment":[{"href":"https:\/\/blog.jprudencio.com\/index.php\/wp-json\/wp\/v2\/media?parent=1433"}],"curies":[{"name":"wp","href":"https:\/\/api.w.org\/{rel}","templated":true}]}}