{"id":1136,"date":"2018-08-27T20:25:04","date_gmt":"2018-08-27T20:25:04","guid":{"rendered":"http:\/\/julioprudencio.com\/?page_id=1136"},"modified":"2022-10-10T06:50:52","modified_gmt":"2022-10-10T06:50:52","slug":"archivos-de-prensa","status":"publish","type":"page","link":"https:\/\/blog.jprudencio.com\/index.php\/archivos-de-prensa\/","title":{"rendered":"Archivos de Prensa"},"content":{"rendered":"<body><p>\u201cSe incluyen archivos de la prensa diaria de noticias relacionadas con la cuesti\u00f3n alimentaria en Bolivia, en t\u00e9rminos de precios de los alimentos, producci\u00f3n, transformaci\u00f3n, comercializaci\u00f3n, desnutrici\u00f3n, productos, empresas de alimentos, agricultura y otras noticias \u00a0relacionadas al tema\u201d. Tiene por objetivo facilitar el trabajo a investigadores (estudiantes universitarios, tesistas, profesionales, t\u00e9cnicos, ) que est\u00e9n realizando alguna investigaci\u00f3n y tengan que acudir a las noticias publicadas por la prensa boliviana.<\/p>\n<p><a href=\"https:\/\/blog.jprudencio.com\/index.php\/archivos-de-prensa-2011\/\">Archivos de prensa del 2011<\/a><\/p>\n<p><a href=\"https:\/\/blog.jprudencio.com\/index.php\/archivos-de-prensa-2012\/\">Archivos de prensa del 2012<\/a><\/p>\n<p><a href=\"https:\/\/blog.jprudencio.com\/index.php\/archivos-de-prensa-2013\/\">Archivos de prensa del 2013<\/a><\/p>\n<p><a href=\"https:\/\/blog.jprudencio.com\/index.php\/archivos-de-prensa-2014\/\">Archivos de prensa del 2014<\/a><\/p>\n<p><a href=\"https:\/\/blog.jprudencio.com\/index.php\/archivos-de-prensa-2015\/\">Archivos de prensa del 2015<\/a><\/p>\n<p><a href=\"https:\/\/blog.jprudencio.com\/index.php\/archivos-de-prensa-2016\/\">Archivos de prensa del 2016<\/a><\/p>\n<p><a href=\"https:\/\/blog.jprudencio.com\/index.php\/archivos-de-prensa-2017\/\">Archivos de prensa del 2017<\/a><\/p>\n<p>\u00a0<\/p>\n<\/body>","protected":false},"excerpt":{"rendered":"<p>\u201cSe incluyen archivos de la prensa diaria de noticias relacionadas con la cuesti\u00f3n alimentaria en Bolivia, en t\u00e9rminos ...<\/p>","protected":false},"author":2,"featured_media":0,"parent":0,"menu_order":0,"comment_status":"closed","ping_status":"closed","template":"","meta":{"footnotes":""},"class_list":["post-1136","page","type-page","status-publish","hentry"],"yoast_head":"<!-- This site is optimized with the Yoast SEO plugin v25.0 - https:\/\/yoast.com\/wordpress\/plugins\/seo\/ -->\n<title>Archivos de Prensa - Julio Prudencio B\u00f6hrt<\/title>\n<meta name=\"robots\" content=\"index, follow, max-snippet:-1, max-image-preview:large, max-video-preview:-1\" \/>\n<link rel=\"canonical\" href=\"https:\/\/blog.jprudencio.com\/index.php\/archivos-de-prensa\/\" \/>\n<meta property=\"og:locale\" content=\"es_ES\" \/>\n<meta property=\"og:type\" content=\"article\" \/>\n<meta property=\"og:title\" content=\"Archivos de Prensa - Julio Prudencio B\u00f6hrt\" \/>\n<meta property=\"og:description\" content=\"\u201cSe incluyen archivos de la prensa diaria de noticias relacionadas con la cuesti\u00f3n alimentaria en Bolivia, en t\u00e9rminos de precios de los alimentos, producci\u00f3n, transformaci\u00f3n, comercializaci\u00f3n, desnutrici\u00f3n, productos, empresas de alimentos, agricultura y otras noticias \u00a0relacionadas al tema\u201d. Tiene por objetivo facilitar el trabajo a investigadores (estudiantes universitarios, tesistas, profesionales, t\u00e9cnicos, ) que est\u00e9n realizando [&hellip;]\" \/>\n<meta property=\"og:url\" content=\"https:\/\/blog.jprudencio.com\/index.php\/archivos-de-prensa\/\" \/>\n<meta property=\"og:site_name\" content=\"Julio Prudencio B\u00f6hrt\" \/>\n<meta property=\"article:modified_time\" content=\"2022-10-10T06:50:52+00:00\" \/>\n<meta name=\"twitter:card\" content=\"summary_large_image\" \/>\n<meta name=\"twitter:label1\" content=\"Tiempo de lectura\" \/>\n\t<meta name=\"twitter:data1\" content=\"1 minuto\" \/>\n<script type=\"application\/ld+json\" class=\"yoast-schema-graph\">{\"@context\":\"https:\/\/schema.org\",\"@graph\":[{\"@type\":\"WebPage\",\"@id\":\"https:\/\/blog.jprudencio.com\/index.php\/archivos-de-prensa\/\",\"url\":\"https:\/\/blog.jprudencio.com\/index.php\/archivos-de-prensa\/\",\"name\":\"Archivos de Prensa - Julio Prudencio B\u00f6hrt\",\"isPartOf\":{\"@id\":\"https:\/\/blog.jprudencio.com\/#website\"},\"datePublished\":\"2018-08-27T20:25:04+00:00\",\"dateModified\":\"2022-10-10T06:50:52+00:00\",\"breadcrumb\":{\"@id\":\"https:\/\/blog.jprudencio.com\/index.php\/archivos-de-prensa\/#breadcrumb\"},\"inLanguage\":\"es-AR\",\"potentialAction\":[{\"@type\":\"ReadAction\",\"target\":[\"https:\/\/blog.jprudencio.com\/index.php\/archivos-de-prensa\/\"]}]},{\"@type\":\"BreadcrumbList\",\"@id\":\"https:\/\/blog.jprudencio.com\/index.php\/archivos-de-prensa\/#breadcrumb\",\"itemListElement\":[{\"@type\":\"ListItem\",\"position\":1,\"name\":\"Inicio\",\"item\":\"https:\/\/blog.jprudencio.com\/\"},{\"@type\":\"ListItem\",\"position\":2,\"name\":\"Archivos de Prensa\"}]},{\"@type\":\"WebSite\",\"@id\":\"https:\/\/blog.jprudencio.com\/#website\",\"url\":\"https:\/\/blog.jprudencio.com\/\",\"name\":\"Julio Prudencio B\u00f6hrt\",\"description\":\"Economista\",\"potentialAction\":[{\"@type\":\"SearchAction\",\"target\":{\"@type\":\"EntryPoint\",\"urlTemplate\":\"https:\/\/blog.jprudencio.com\/?s={search_term_string}\"},\"query-input\":{\"@type\":\"PropertyValueSpecification\",\"valueRequired\":true,\"valueName\":\"search_term_string\"}}],\"inLanguage\":\"es-AR\"}]}<\/script>\n<!-- \/ Yoast SEO plugin. -->","yoast_head_json":{"title":"Archivos de Prensa - Julio Prudencio B\u00f6hrt","robots":{"index":"index","follow":"follow","max-snippet":"max-snippet:-1","max-image-preview":"max-image-preview:large","max-video-preview":"max-video-preview:-1"},"canonical":"https:\/\/blog.jprudencio.com\/index.php\/archivos-de-prensa\/","og_locale":"es_ES","og_type":"article","og_title":"Archivos de Prensa - Julio Prudencio B\u00f6hrt","og_description":"\u201cSe incluyen archivos de la prensa diaria de noticias relacionadas con la cuesti\u00f3n alimentaria en Bolivia, en t\u00e9rminos de precios de los alimentos, producci\u00f3n, transformaci\u00f3n, comercializaci\u00f3n, desnutrici\u00f3n, productos, empresas de alimentos, agricultura y otras noticias \u00a0relacionadas al tema\u201d. Tiene por objetivo facilitar el trabajo a investigadores (estudiantes universitarios, tesistas, profesionales, t\u00e9cnicos, ) que est\u00e9n realizando [&hellip;]","og_url":"https:\/\/blog.jprudencio.com\/index.php\/archivos-de-prensa\/","og_site_name":"Julio Prudencio B\u00f6hrt","article_modified_time":"2022-10-10T06:50:52+00:00","twitter_card":"summary_large_image","twitter_misc":{"Tiempo de lectura":"1 minuto"},"schema":{"@context":"https:\/\/schema.org","@graph":[{"@type":"WebPage","@id":"https:\/\/blog.jprudencio.com\/index.php\/archivos-de-prensa\/","url":"https:\/\/blog.jprudencio.com\/index.php\/archivos-de-prensa\/","name":"Archivos de Prensa - Julio Prudencio B\u00f6hrt","isPartOf":{"@id":"https:\/\/blog.jprudencio.com\/#website"},"datePublished":"2018-08-27T20:25:04+00:00","dateModified":"2022-10-10T06:50:52+00:00","breadcrumb":{"@id":"https:\/\/blog.jprudencio.com\/index.php\/archivos-de-prensa\/#breadcrumb"},"inLanguage":"es-AR","potentialAction":[{"@type":"ReadAction","target":["https:\/\/blog.jprudencio.com\/index.php\/archivos-de-prensa\/"]}]},{"@type":"BreadcrumbList","@id":"https:\/\/blog.jprudencio.com\/index.php\/archivos-de-prensa\/#breadcrumb","itemListElement":[{"@type":"ListItem","position":1,"name":"Inicio","item":"https:\/\/blog.jprudencio.com\/"},{"@type":"ListItem","position":2,"name":"Archivos de Prensa"}]},{"@type":"WebSite","@id":"https:\/\/blog.jprudencio.com\/#website","url":"https:\/\/blog.jprudencio.com\/","name":"Julio Prudencio B\u00f6hrt","description":"Economista","potentialAction":[{"@type":"SearchAction","target":{"@type":"EntryPoint","urlTemplate":"https:\/\/blog.jprudencio.com\/?s={search_term_string}"},"query-input":{"@type":"PropertyValueSpecification","valueRequired":true,"valueName":"search_term_string"}}],"inLanguage":"es-AR"}]}},"_links":{"self":[{"href":"https:\/\/blog.jprudencio.com\/index.php\/wp-json\/wp\/v2\/pages\/1136"}],"collection":[{"href":"https:\/\/blog.jprudencio.com\/index.php\/wp-json\/wp\/v2\/pages"}],"about":[{"href":"https:\/\/blog.jprudencio.com\/index.php\/wp-json\/wp\/v2\/types\/page"}],"author":[{"embeddable":true,"href":"https:\/\/blog.jprudencio.com\/index.php\/wp-json\/wp\/v2\/users\/2"}],"replies":[{"embeddable":true,"href":"https:\/\/blog.jprudencio.com\/index.php\/wp-json\/wp\/v2\/comments?post=1136"}],"version-history":[{"count":6,"href":"https:\/\/blog.jprudencio.com\/index.php\/wp-json\/wp\/v2\/pages\/1136\/revisions"}],"predecessor-version":[{"id":1169,"href":"https:\/\/blog.jprudencio.com\/index.php\/wp-json\/wp\/v2\/pages\/1136\/revisions\/1169"}],"wp:attachment":[{"href":"https:\/\/blog.jprudencio.com\/index.php\/wp-json\/wp\/v2\/media?parent=1136"}],"curies":[{"name":"wp","href":"https:\/\/api.w.org\/{rel}","templated":true}]}}